{"id":214,"date":"2013-04-09T11:37:35","date_gmt":"2013-04-09T10:37:35","guid":{"rendered":"http:\/\/www.coursdepilatesparis.fr\/pilates\/?page_id=214"},"modified":"2026-04-10T21:45:34","modified_gmt":"2026-04-10T19:45:34","slug":"horaires-et-lieux","status":"publish","type":"page","link":"http:\/\/www.coursdepilatesparis.com\/pilates\/horaires-et-lieux\/","title":{"rendered":"Planning Pilates au sol-Paris 14e"},"content":{"rendered":"<div class=\"fusion-fullwidth fullwidth-box fusion-builder-row-1 nonhundred-percent-fullwidth non-hundred-percent-height-scrolling\" style=\"--awb-border-radius-top-left:0px;--awb-border-radius-top-right:0px;--awb-border-radius-bottom-right:0px;--awb-border-radius-bottom-left:0px;--awb-flex-wrap:wrap;\" ><div class=\"fusion-builder-row fusion-row\"><div class=\"fusion-layout-column fusion_builder_column fusion-builder-column-0 fusion_builder_column_1_1 1_1 fusion-one-full fusion-column-first fusion-column-last\" style=\"--awb-bg-size:cover;\"><div class=\"fusion-column-wrapper fusion-flex-column-wrapper-legacy\"><div class=\"fusion-text fusion-text-1\"><h2 style=\"text-align: left;\"><b><span style=\"color: #ff0000;\"><span style=\"color: #000000;\">Cours d&rsquo;essai gratuit!<br \/>\nINFOS au <\/span><\/span><\/b><b><span style=\"color: #ff0000;\"><span style=\"color: #000000;\">06 79 71 15 85 <\/span><\/span><\/b><b><span style=\"color: #000000;\">ou par email: <\/span><\/b><b><span style=\"color: #ff0000;\"><span style=\"color: #000000;\"><a style=\"color: #000000;\" href=\"mailto:mariano.jadur@coursdepilatesparis.com\">mariano.jadur@coursdepilatesparis.com <\/a><\/span><\/span><\/b><\/h2>\n<h2 style=\"text-align: left;\"><b><span style=\"color: #ff0000;\"><span style=\"color: #000000;\">Vous pouvez venir directement sans rdv. Tapis disponibles sur place. Tous l<\/span><\/span><\/b><b><span style=\"color: #ff0000;\"><span style=\"color: #000000;\"><strong>es cours de Pilates au sol durent 1h. (Pour les cours de Pilates Reformer avec coach, cliquez<span style=\"color: #333399;\"> <em><a style=\"color: #333399;\" href=\"http:\/\/www.coursdepilatesparis.com\/pilates\/pilates-machine\/\">sur ce lien \u00a0<\/a><\/em><\/span>ou tel\/mail pour infos). <\/strong><\/span><\/span><\/b>Avec votre carte, vous pouvez venir aux cours que vous voulez et modifier les cr\u00e9neaux en fonction de vos disponibilit\u00e9s, en toute flexibilit\u00e9.<\/h2>\n<h1 style=\"text-align: center;\">PLANNING PILATES AU SOL PARIS 14e<\/h1>\n<h2 style=\"text-align: left;\"><span style=\"color: #ff0000;\"><span style=\"color: #000000;\">Au<\/span><\/span> studio Villa d&rsquo;Orl\u00e9ans, 3 villa d&rsquo;Orl\u00e9ans, 14e (\u00e0 2mn du m\u00e9tro Al\u00e9sia, ligne 4). Inscription possible \u00e0 tout moment.<\/h2>\n<h2 class=\"x_text-build-content\"><span style=\"color: #000000;\">MARDI: cours de 8h30 \u00e0 9h30.<br \/>\n<\/span><\/h2>\n<h2 class=\"x_text-build-content\"><span style=\"color: #000000;\"> MERCREDI: <\/span><span style=\"color: #000000;\">cours de <\/span><span style=\"color: #000000;\">9h \u00e0 10h + de 19h \u00e0 20h<br \/>\n<\/span><\/h2>\n<div>\n<h2 class=\"x_text-build-content\"><span style=\"color: #000000;\">VENDREDI: cours de 8h30 \u00e0 9h30<\/span><\/h2>\n<h2 class=\"x_text-build-content\"><span style=\"color: #000000;\">SAMEDI: cours de <\/span><span style=\"color: #000000;\">11h30 \u00e0 12h30<\/span><\/h2>\n<\/div>\n<\/div><div class=\"fusion-clearfix\"><\/div><\/div><\/div><\/div><\/div>\n","protected":false},"excerpt":{"rendered":"","protected":false},"author":1,"featured_media":0,"parent":0,"menu_order":0,"comment_status":"closed","ping_status":"closed","template":"","meta":{"footnotes":""},"class_list":["post-214","page","type-page","status-publish","hentry"],"_links":{"self":[{"href":"http:\/\/www.coursdepilatesparis.com\/pilates\/wp-json\/wp\/v2\/pages\/214","targetHints":{"allow":["GET"]}}],"collection":[{"href":"http:\/\/www.coursdepilatesparis.com\/pilates\/wp-json\/wp\/v2\/pages"}],"about":[{"href":"http:\/\/www.coursdepilatesparis.com\/pilates\/wp-json\/wp\/v2\/types\/page"}],"author":[{"embeddable":true,"href":"http:\/\/www.coursdepilatesparis.com\/pilates\/wp-json\/wp\/v2\/users\/1"}],"replies":[{"embeddable":true,"href":"http:\/\/www.coursdepilatesparis.com\/pilates\/wp-json\/wp\/v2\/comments?post=214"}],"version-history":[{"count":406,"href":"http:\/\/www.coursdepilatesparis.com\/pilates\/wp-json\/wp\/v2\/pages\/214\/revisions"}],"predecessor-version":[{"id":1668,"href":"http:\/\/www.coursdepilatesparis.com\/pilates\/wp-json\/wp\/v2\/pages\/214\/revisions\/1668"}],"wp:attachment":[{"href":"http:\/\/www.coursdepilatesparis.com\/pilates\/wp-json\/wp\/v2\/media?parent=214"}],"curies":[{"name":"wp","href":"https:\/\/api.w.org\/{rel}","templated":true}]}}