{"id":1486,"date":"2023-11-09T12:39:17","date_gmt":"2023-11-09T11:39:17","guid":{"rendered":"http:\/\/www.coursdepilatesparis.com\/pilates\/?page_id=1486"},"modified":"2023-11-27T08:49:13","modified_gmt":"2023-11-27T07:49:13","slug":"mariano-jadur-coach-pilates","status":"publish","type":"page","link":"http:\/\/www.coursdepilatesparis.com\/pilates\/mariano-jadur-coach-pilates\/","title":{"rendered":"Mariano Jadur, coach Pilates"},"content":{"rendered":"<div class=\"fusion-fullwidth fullwidth-box fusion-builder-row-1 fusion-flex-container nonhundred-percent-fullwidth non-hundred-percent-height-scrolling\" style=\"--awb-border-radius-top-left:0px;--awb-border-radius-top-right:0px;--awb-border-radius-bottom-right:0px;--awb-border-radius-bottom-left:0px;--awb-flex-wrap:wrap;\" ><div class=\"fusion-builder-row fusion-row fusion-flex-align-items-flex-start fusion-flex-content-wrap\" style=\"max-width:1064.96px;margin-left: calc(-4% \/ 2 );margin-right: calc(-4% \/ 2 );\"><div class=\"fusion-layout-column fusion_builder_column fusion-builder-column-0 fusion_builder_column_1_2 1_2 fusion-flex-column\" style=\"--awb-bg-size:cover;--awb-width-large:50%;--awb-margin-top-large:0px;--awb-spacing-right-large:3.84%;--awb-margin-bottom-large:20px;--awb-spacing-left-large:3.84%;--awb-width-medium:100%;--awb-order-medium:0;--awb-spacing-right-medium:1.92%;--awb-spacing-left-medium:1.92%;--awb-width-small:100%;--awb-order-small:0;--awb-spacing-right-small:1.92%;--awb-spacing-left-small:1.92%;\"><div class=\"fusion-column-wrapper fusion-column-has-shadow fusion-flex-justify-content-flex-start fusion-content-layout-column\"><div class=\"fusion-video fusion-youtube\" style=\"--awb-max-width:600px;--awb-max-height:360px;\"><div class=\"video-shortcode\"><div class=\"fluid-width-video-wrapper\" style=\"padding-top:60%;\" ><iframe title=\"YouTube video player 1\" src=\"https:\/\/www.youtube.com\/embed\/mm9tlPbV9YA?wmode=transparent&autoplay=0\" width=\"600\" height=\"360\" allowfullscreen allow=\"autoplay; clipboard-write; encrypted-media; gyroscope; picture-in-picture;\"><\/iframe><\/div><\/div><\/div><\/div><\/div><div class=\"fusion-layout-column fusion_builder_column fusion-builder-column-1 fusion_builder_column_1_2 1_2 fusion-flex-column\" style=\"--awb-bg-size:cover;--awb-width-large:50%;--awb-margin-top-large:0px;--awb-spacing-right-large:3.84%;--awb-margin-bottom-large:20px;--awb-spacing-left-large:3.84%;--awb-width-medium:100%;--awb-order-medium:0;--awb-spacing-right-medium:1.92%;--awb-spacing-left-medium:1.92%;--awb-width-small:100%;--awb-order-small:0;--awb-spacing-right-small:1.92%;--awb-spacing-left-small:1.92%;\"><div class=\"fusion-column-wrapper fusion-column-has-shadow fusion-flex-justify-content-flex-start fusion-content-layout-column\"><div class=\"fusion-video fusion-youtube\" style=\"--awb-max-width:600px;--awb-max-height:360px;\"><div class=\"video-shortcode\"><div class=\"fluid-width-video-wrapper\" style=\"padding-top:60%;\" ><iframe title=\"YouTube video player 2\" src=\"https:\/\/www.youtube.com\/embed\/IccF9MeG4GU?wmode=transparent&autoplay=0\" width=\"600\" height=\"360\" allowfullscreen allow=\"autoplay; clipboard-write; encrypted-media; gyroscope; picture-in-picture;\"><\/iframe><\/div><\/div><\/div><\/div><\/div><\/div><\/div>\n<p><span style=\"font-size: large;\"><b>Mariano Jadur: professeur de Pilates, coach sportif<\/b><\/span><\/p>\n<p align=\"JUSTIFY\">Dipl\u00f4m\u00e9 de la FEDA, la F\u00e9d\u00e9ration espagnole d\u2019a\u00e9robic en 2005. Puis dipl\u00f4m\u00e9 en 2008 aupr\u00e8s de la F\u00e9d\u00e9ration espagnole de Pilates en tant que coach de Pilates mat et en 2020 en Pilates machine.<\/p>\n<p align=\"JUSTIFY\">Mariano Jadur est n\u00e9 en Argentine et a commenc\u00e9 le sport \u00e0 partir de huit ans pour devenir footballeur de comp\u00e9tition. Puis, il est devenu entra\u00eeneur personnel et coach sportif dans diff\u00e9rents clubs de sport en Argentine et en Espagne. En parrall\u00e8le de sa formation Pilates, il est \u00e9galement danseur de tango argentin, fid\u00e8le \u00e0 la tradition culturelle de cette danse dans sa famille et dans son pays d&rsquo;origine.<\/p>\n<p align=\"JUSTIFY\">A partir de 2008, il commence \u00e0 enseigner le Pilates et le tango dans le sud de Paris. Il a ensuite cr\u00e9\u00e9 et dirig\u00e9 le Centre \u00ab\u00a0<strong>Pilates Nice sport\u00a0\u00bb<\/strong> \u00e0 Nice, de 2018 \u00e0 2021.<\/p>\n<p align=\"JUSTIFY\">Puis, il cr\u00e9e \u00e0 <strong>Paris<\/strong> le<strong> studio de Pilates machine \u00ab\u00a0Studio Bigorre\u00a0\u00bb au 1 rue de Bigorre<\/strong> dans le 14e o\u00f9 il donne aujourd&rsquo;hui des cours en mini groupes sur machines Reformer, cadillac et Springboard.<\/p>\n","protected":false},"excerpt":{"rendered":"<p>Mariano Jadur: professeur de Pilates, coach sportif Dipl\u00f4m\u00e9 de la  [&#8230;]<\/p>\n","protected":false},"author":2,"featured_media":0,"parent":0,"menu_order":0,"comment_status":"closed","ping_status":"closed","template":"","meta":{"footnotes":""},"class_list":["post-1486","page","type-page","status-publish","hentry"],"_links":{"self":[{"href":"http:\/\/www.coursdepilatesparis.com\/pilates\/wp-json\/wp\/v2\/pages\/1486","targetHints":{"allow":["GET"]}}],"collection":[{"href":"http:\/\/www.coursdepilatesparis.com\/pilates\/wp-json\/wp\/v2\/pages"}],"about":[{"href":"http:\/\/www.coursdepilatesparis.com\/pilates\/wp-json\/wp\/v2\/types\/page"}],"author":[{"embeddable":true,"href":"http:\/\/www.coursdepilatesparis.com\/pilates\/wp-json\/wp\/v2\/users\/2"}],"replies":[{"embeddable":true,"href":"http:\/\/www.coursdepilatesparis.com\/pilates\/wp-json\/wp\/v2\/comments?post=1486"}],"version-history":[{"count":8,"href":"http:\/\/www.coursdepilatesparis.com\/pilates\/wp-json\/wp\/v2\/pages\/1486\/revisions"}],"predecessor-version":[{"id":1517,"href":"http:\/\/www.coursdepilatesparis.com\/pilates\/wp-json\/wp\/v2\/pages\/1486\/revisions\/1517"}],"wp:attachment":[{"href":"http:\/\/www.coursdepilatesparis.com\/pilates\/wp-json\/wp\/v2\/media?parent=1486"}],"curies":[{"name":"wp","href":"https:\/\/api.w.org\/{rel}","templated":true}]}}