{"id":12,"date":"2013-03-07T13:15:54","date_gmt":"2013-03-07T12:15:54","guid":{"rendered":"http:\/\/www.coursdepilatesparis.fr\/pilates\/?page_id=12"},"modified":"2026-04-11T09:28:56","modified_gmt":"2026-04-11T07:28:56","slug":"tarifs","status":"publish","type":"page","link":"http:\/\/www.coursdepilatesparis.com\/pilates\/tarifs\/","title":{"rendered":"Tarifs"},"content":{"rendered":"<div class=\"fusion-fullwidth fullwidth-box fusion-builder-row-1 nonhundred-percent-fullwidth non-hundred-percent-height-scrolling\" style=\"--awb-border-radius-top-left:0px;--awb-border-radius-top-right:0px;--awb-border-radius-bottom-right:0px;--awb-border-radius-bottom-left:0px;--awb-flex-wrap:wrap;\" ><div class=\"fusion-builder-row fusion-row\"><div class=\"fusion-layout-column fusion_builder_column fusion-builder-column-0 fusion_builder_column_1_1 1_1 fusion-one-full fusion-column-first fusion-column-last\" style=\"--awb-bg-size:cover;--awb-margin-bottom:0px;\"><div class=\"fusion-column-wrapper fusion-flex-column-wrapper-legacy\"><div class=\"fusion-text fusion-text-1\"><h2><strong>TARIFS PILATES AU SOL (<\/strong>pour les tarifs du Pilates reformer, voir la rubrique <a href=\"http:\/\/www.coursdepilatesparis.com\/pilates\/pilates-machine\/\">http:\/\/www.coursdepilatesparis.com\/pilates\/pilates-machine\/<\/a>)<\/h2>\n<h2 style=\"text-align: left;\"><strong>COURS D&rsquo;ESSAI GRATUIT<\/strong><\/h2>\n<h2><span style=\"color: #000000;\"><strong>1)CARTE DE\u00a0 10 COURS:<\/strong> <strong>190\u20ac<\/strong> (valable 3 mois \u00e0 partir de l&rsquo;achat, \u00e0 tout moment de l&rsquo;ann\u00e9e).<\/span><\/h2>\n<h2><span style=\"color: #ff0000;\"><strong>OFFRE SPECIALE<\/strong>: <span style=\"color: #000000;\"><strong>si vous achetez la carte le jour de la s\u00e9ance d&rsquo;essai, nous vous offrons un cours en plus sur la carte de 10. Soit en tout: 11 cours + 1 cours d&rsquo;essai gratuit pour 190\u20ac.<\/strong><\/span><\/span><\/h2>\n<h2><strong>2)CARTES ANNUELLES 2025: 47 semaines\/an<\/strong><\/h2>\n<h2><strong>-Carte annuelle 1 cours\/semaine.<\/strong> Tarif normal: 580\u20ac<\/h2>\n<h2><strong><span style=\"color: #ff0000;\">OFFRE SPECIALE: <span style=\"color: #000000;\">si inscription le jour de l&rsquo;essai, vous b\u00e9n\u00e9ficiez de <span style=\"color: #ff0000;\">50\u20ac de r\u00e9duction, soit la carte annuelle 1 cours\/semaine \u00e0 530\u20ac<\/span>.<\/span> <span style=\"color: #000000;\">Payable en plusieurs fois si vous le souhaitez.<\/span><\/span><\/strong><\/h2>\n<h2><strong>-Carte annuelle 2 cours\/semaine :<\/strong> Tarif normal: 750\u20ac<\/h2>\n<h2><strong><span style=\"color: #ff0000;\">OFFRE SPECIALE: <\/span>si inscription le jour de l&rsquo;essai, vous b\u00e9n\u00e9ficiez de <span style=\"color: #ff0000;\">50\u20ac de r\u00e9duction, soit la carte annuelle 2 cours\/semaine \u00e0 700\u20ac. <span style=\"color: #000000;\">Payable en plusieurs fois si vous le souhaitez.<\/span><\/span><\/strong><\/h2>\n<p><span style=\"color: #000000;\">Paiement par ch\u00e8que ou esp\u00e8ces. <\/span><span style=\"color: #000000;\">Pas de CB.<\/span><\/p>\n<\/div><div class=\"fusion-clearfix\"><\/div><\/div><\/div><\/div><\/div>\n","protected":false},"excerpt":{"rendered":"","protected":false},"author":1,"featured_media":0,"parent":0,"menu_order":0,"comment_status":"closed","ping_status":"closed","template":"","meta":{"footnotes":""},"class_list":["post-12","page","type-page","status-publish","hentry"],"_links":{"self":[{"href":"http:\/\/www.coursdepilatesparis.com\/pilates\/wp-json\/wp\/v2\/pages\/12","targetHints":{"allow":["GET"]}}],"collection":[{"href":"http:\/\/www.coursdepilatesparis.com\/pilates\/wp-json\/wp\/v2\/pages"}],"about":[{"href":"http:\/\/www.coursdepilatesparis.com\/pilates\/wp-json\/wp\/v2\/types\/page"}],"author":[{"embeddable":true,"href":"http:\/\/www.coursdepilatesparis.com\/pilates\/wp-json\/wp\/v2\/users\/1"}],"replies":[{"embeddable":true,"href":"http:\/\/www.coursdepilatesparis.com\/pilates\/wp-json\/wp\/v2\/comments?post=12"}],"version-history":[{"count":53,"href":"http:\/\/www.coursdepilatesparis.com\/pilates\/wp-json\/wp\/v2\/pages\/12\/revisions"}],"predecessor-version":[{"id":1670,"href":"http:\/\/www.coursdepilatesparis.com\/pilates\/wp-json\/wp\/v2\/pages\/12\/revisions\/1670"}],"wp:attachment":[{"href":"http:\/\/www.coursdepilatesparis.com\/pilates\/wp-json\/wp\/v2\/media?parent=12"}],"curies":[{"name":"wp","href":"https:\/\/api.w.org\/{rel}","templated":true}]}}