{"id":1175,"date":"2021-11-22T10:48:59","date_gmt":"2021-11-22T09:48:59","guid":{"rendered":"http:\/\/www.coursdepilatesparis.com\/pilates\/?page_id=1175"},"modified":"2026-02-27T10:08:22","modified_gmt":"2026-02-27T09:08:22","slug":"pilates-machine","status":"publish","type":"page","link":"http:\/\/www.coursdepilatesparis.com\/pilates\/pilates-machine\/","title":{"rendered":"Pilates Reformer Paris 14e : cours semi-priv\u00e9s avec coach"},"content":{"rendered":"<p><div class=\"fusion-fullwidth fullwidth-box fusion-builder-row-1 fusion-flex-container nonhundred-percent-fullwidth non-hundred-percent-height-scrolling\" style=\"--awb-border-radius-top-left:0px;--awb-border-radius-top-right:0px;--awb-border-radius-bottom-right:0px;--awb-border-radius-bottom-left:0px;--awb-flex-wrap:wrap;\" ><div class=\"fusion-builder-row fusion-row fusion-flex-align-items-flex-start fusion-flex-content-wrap\" style=\"max-width:1064.96px;margin-left: calc(-4% \/ 2 );margin-right: calc(-4% \/ 2 );\"><div class=\"fusion-layout-column fusion_builder_column fusion-builder-column-0 fusion_builder_column_1_1 1_1 fusion-flex-column\" style=\"--awb-bg-size:cover;--awb-width-large:100%;--awb-margin-top-large:0px;--awb-spacing-right-large:1.92%;--awb-margin-bottom-large:0px;--awb-spacing-left-large:1.92%;--awb-width-medium:100%;--awb-spacing-right-medium:1.92%;--awb-spacing-left-medium:1.92%;--awb-width-small:100%;--awb-spacing-right-small:1.92%;--awb-spacing-left-small:1.92%;\"><div class=\"fusion-column-wrapper fusion-flex-justify-content-flex-start fusion-content-layout-column\"><\/div><\/div><div class=\"fusion-layout-column fusion_builder_column fusion-builder-column-1 fusion_builder_column_1_2 1_2 fusion-flex-column\" style=\"--awb-bg-size:cover;--awb-width-large:50%;--awb-margin-top-large:0px;--awb-spacing-right-large:3.84%;--awb-margin-bottom-large:20px;--awb-spacing-left-large:3.84%;--awb-width-medium:100%;--awb-order-medium:0;--awb-spacing-right-medium:1.92%;--awb-spacing-left-medium:1.92%;--awb-width-small:100%;--awb-order-small:0;--awb-spacing-right-small:1.92%;--awb-spacing-left-small:1.92%;\"><div class=\"fusion-column-wrapper fusion-column-has-shadow fusion-flex-justify-content-flex-start fusion-content-layout-column\"><div class=\"fusion-video fusion-selfhosted-video\" style=\"max-width:100%;\"><div class=\"video-wrapper\"><video playsinline=\"true\" width=\"100%\" style=\"object-fit: cover;\" autoplay=\"true\" muted=\"true\" loop=\"true\" preload=\"auto\" controls=\"1\"><source src=\"http:\/\/www.coursdepilatesparis.com\/pilates\/wp-content\/uploads\/2022\/12\/VID-20221120-WA0003-1.mp4\" type=\"video\/mp4\">Sorry, your browser doesn&#039;t support embedded videos.<\/video><\/div><\/div><\/div><\/div><div class=\"fusion-layout-column fusion_builder_column fusion-builder-column-2 fusion_builder_column_1_2 1_2 fusion-flex-column\" style=\"--awb-bg-size:cover;--awb-width-large:50%;--awb-margin-top-large:0px;--awb-spacing-right-large:3.84%;--awb-margin-bottom-large:20px;--awb-spacing-left-large:3.84%;--awb-width-medium:100%;--awb-order-medium:0;--awb-spacing-right-medium:1.92%;--awb-spacing-left-medium:1.92%;--awb-width-small:100%;--awb-order-small:0;--awb-spacing-right-small:1.92%;--awb-spacing-left-small:1.92%;\"><div class=\"fusion-column-wrapper fusion-column-has-shadow fusion-flex-justify-content-flex-start fusion-content-layout-column\"><div class=\"fusion-video fusion-youtube\" style=\"--awb-max-width:600px;--awb-max-height:360px;\"><div class=\"video-shortcode\"><div class=\"fluid-width-video-wrapper\" style=\"padding-top:60%;\" ><iframe title=\"YouTube video player 1\" src=\"https:\/\/www.youtube.com\/embed\/mm9tlPbV9YA?wmode=transparent&autoplay=0\" width=\"600\" height=\"360\" allowfullscreen allow=\"autoplay; clipboard-write; encrypted-media; gyroscope; picture-in-picture;\"><\/iframe><\/div><\/div><\/div><\/div><\/div><\/div><\/div><div class=\"fusion-fullwidth fullwidth-box fusion-builder-row-2 nonhundred-percent-fullwidth non-hundred-percent-height-scrolling\" style=\"--awb-border-radius-top-left:0px;--awb-border-radius-top-right:0px;--awb-border-radius-bottom-right:0px;--awb-border-radius-bottom-left:0px;--awb-flex-wrap:wrap;\" ><div class=\"fusion-builder-row fusion-row\"><div class=\"fusion-layout-column fusion_builder_column fusion-builder-column-3 fusion_builder_column_1_1 1_1 fusion-one-full fusion-column-first fusion-column-last\" style=\"--awb-bg-size:cover;\"><div class=\"fusion-column-wrapper fusion-flex-column-wrapper-legacy\"><div class=\"fusion-text fusion-text-1\"><h1><strong>Cours de Pilates Reformer <span style=\"text-decoration: underline;\">semi-priv\u00e9s <\/span><\/strong><strong>(de 2 \u00e0 4 personnes) <\/strong><strong>OU en <span style=\"text-decoration: underline;\">priv\u00e9s<\/span> (au choix) avec coach.<br \/>\n<\/strong><strong>DANS LE 14e, M\u00b0 Al\u00e9sia, <\/strong>ACCESSIBLES AUX DEBUTANTS.<\/h1>\n<p><strong>RESERVATIONS par tel au 06 79 71 15 85 ou par mail: <a href=\"mailto: mariano.jadur@coursdepilatesparis.com\">mariano.jadur@coursdepilatesparis.com<\/a><\/strong><\/p>\n<h2><strong>ADRESSE: 1 RUE DE BIGORRE, 14e. <\/strong>A deux pas du m\u00e9tro Al\u00e9sia (ligne 4)<\/h2>\n<h2 class=\"x_text-build-content\"><strong>Il s&rsquo;agit de cours semi-priv\u00e9s sur des machines Reformer sp\u00e9cifiques de Pilates avec un coach qui vous indique les exercices, vous guide et vous corrige. Le studio est \u00e9quip\u00e9 de machines REFORMER, CADILLAC et SPRINGBOARD. Cette pratique accessible \u00e0 tous permet un travail d&rsquo;\u00e9tirement et de renforcement profond, de fa\u00e7on cibl\u00e9e. Votre effort peut \u00eatre gradu\u00e9 gr\u00e2ce aux machines, afin de vous accompagner dans le mouvement, qui sera pr\u00e9cis et efficace.<br \/>\nLe Pilates Reformer est une m\u00e9thode d&rsquo;entra\u00eenement\u00a0 recommand\u00e9e par de nombreux kin\u00e9s. En effet, elle est b\u00e9n\u00e9fique pour tous et permet une modification durable de votre posture et de votre silhouette de fa\u00e7on homog\u00e8ne, ainsi qu&rsquo;une vraie sensation de bien-\u00eatre apr\u00e8s une s\u00e9ance guid\u00e9e d&rsquo;1h<\/strong>.<\/h2>\n<h2 class=\"x_text-build-content\"><strong>R\u00e9servez votre <span style=\"color: #000000;\">cours d&rsquo;essai <\/span>au plus vite afin d&rsquo;\u00eatre s\u00fbr d&rsquo;avoir une place \u00e0 l&rsquo;horaire choisi svp. Nous sommes \u00e0 votre disposition pour toutes questions par email \u00e0 <a href=\"mailto: mariano.jadur@coursdepilatesparis.com\">mariano.jadur@coursdepilatesparis.com <\/a><\/strong><strong>ou par tel<br \/>\nau 06 79 71 15 85.\u00a0<\/strong><\/h2>\n<h2 class=\"x_text-build-content\"><strong><u>HORAIRES<\/u> ouverts \u00e0 la r\u00e9servation: (dur\u00e9e des cours: 1h)<\/strong><\/h2>\n<h2 class=\"x_text-build-content\"><strong>LUNDI:<br \/>\n<\/strong><strong>-8h30,9h30, 10h30, 18h, 19h et 20h<\/strong><\/h2>\n<h2 class=\"x_text-build-content\"><strong>MARDI:<br \/>\n<\/strong><strong>-10h, 11h, 12h30, 18h, 19h et 20h<\/strong><\/h2>\n<h2 class=\"x_text-build-content\"><strong>MERCREDI:<br \/>\n<\/strong><strong>-8h30, 9h30, 10h30 et 11h30\u00a0<\/strong><\/h2>\n<h2 class=\"x_text-build-content\"><strong>JEUDI:<br \/>\n<\/strong><strong>-8h30, 9h30, 10h30, 18h, 19h et 20h<\/strong><\/h2>\n<h2 class=\"x_text-build-content\"><strong>VENDREDI:<br \/>\n<\/strong><strong>&#8211; 10h, 11h, 12h30, 18h, 19h et 20h<br \/>\n<\/strong><\/h2>\n<h2 class=\"x_text-build-content\"><strong>SAMEDI:<br \/>\n-9h<\/strong><\/h2>\n<h2>Inscrivez-vous seul(e) ou \u00e0 deux. Lorsque vous r\u00e9servez, vous vous engagez \u00e0 \u00eatre pr\u00e9sent au cours. Si vous avez un emp\u00eachement, merci de pr\u00e9venir au moins 24h \u00e0 l&rsquo;avance.<\/h2>\n<h2>Tarif sp\u00e9cial s\u00e9ance d&rsquo;essai: 30\u20ac ou gratuit si inscription le jour m\u00eame (soit 5 cours achet\u00e9s + 1 gratuit en plus sur la carte de 5 cours par exemple).<\/h2>\n<h2>TARIFS<\/h2>\n<h2><strong><span style=\"color: #000000;\">-ABONNEMENT pilates machine en cours semi-priv\u00e9 :<\/span><\/strong><\/h2>\n<h2><strong>-190\u20ac les 5 cours valable 2 mois<\/strong><br \/>\n<strong>-350\u20ac les 10 cours valable 3 mois<br \/>\n-1350\u20ac les 45 cours valable\u00a0 1 an<\/strong><\/h2>\n<h2 class=\"x_text-build-content\"><strong>-Cours particulier en solo:\u00a0 (horaires diff\u00e9rents, sur demande)<\/strong><\/h2>\n<h2 class=\"x_text-build-content\"><strong>80\u20ac \u00e0 l&rsquo;unit\u00e9 \/ <\/strong><strong>350\u20ac la carte de 5 cours (soit 70\u20ac le cours)<\/strong><\/h2>\n<\/div><div class=\"fusion-clearfix\"><\/div><\/div><\/div><\/div><\/div><\/p>\n","protected":false},"excerpt":{"rendered":"","protected":false},"author":2,"featured_media":0,"parent":0,"menu_order":0,"comment_status":"closed","ping_status":"closed","template":"","meta":{"footnotes":""},"class_list":["post-1175","page","type-page","status-publish","hentry"],"_links":{"self":[{"href":"http:\/\/www.coursdepilatesparis.com\/pilates\/wp-json\/wp\/v2\/pages\/1175","targetHints":{"allow":["GET"]}}],"collection":[{"href":"http:\/\/www.coursdepilatesparis.com\/pilates\/wp-json\/wp\/v2\/pages"}],"about":[{"href":"http:\/\/www.coursdepilatesparis.com\/pilates\/wp-json\/wp\/v2\/types\/page"}],"author":[{"embeddable":true,"href":"http:\/\/www.coursdepilatesparis.com\/pilates\/wp-json\/wp\/v2\/users\/2"}],"replies":[{"embeddable":true,"href":"http:\/\/www.coursdepilatesparis.com\/pilates\/wp-json\/wp\/v2\/comments?post=1175"}],"version-history":[{"count":83,"href":"http:\/\/www.coursdepilatesparis.com\/pilates\/wp-json\/wp\/v2\/pages\/1175\/revisions"}],"predecessor-version":[{"id":1663,"href":"http:\/\/www.coursdepilatesparis.com\/pilates\/wp-json\/wp\/v2\/pages\/1175\/revisions\/1663"}],"wp:attachment":[{"href":"http:\/\/www.coursdepilatesparis.com\/pilates\/wp-json\/wp\/v2\/media?parent=1175"}],"curies":[{"name":"wp","href":"https:\/\/api.w.org\/{rel}","templated":true}]}}